{"id":1460,"date":"2025-08-25T15:48:40","date_gmt":"2025-08-25T12:48:40","guid":{"rendered":"https:\/\/biophot.lv\/?page_id=1460"},"modified":"2025-09-04T09:53:01","modified_gmt":"2025-09-04T06:53:01","slug":"industry-challenge-submitted","status":"publish","type":"page","link":"https:\/\/biophot.lv\/en\/industrijas-izaicinajums-iesniegts\/","title":{"rendered":"Industry Challenge submitted"},"content":{"rendered":"<h2 class=\"wp-block-heading has-text-align-center\">Thank you for the challenge!<\/h2>\n\n\n\n<div style=\"height:40px\" aria-hidden=\"true\" class=\"wp-block-spacer\"><\/div>\n\n\n\n<div class=\"wp-block-buttons is-content-justification-center is-layout-flex wp-container-core-buttons-is-layout-a89b3969 wp-block-buttons-is-layout-flex\">\n<div class=\"wp-block-button\"><a class=\"wp-block-button__link wp-element-button\" href=\"https:\/\/biophot.lv\/en\/industry-challenge-application\/\">Submit another challenge<\/a><\/div>\n<\/div>\n\n\n\n<div style=\"height:100px\" aria-hidden=\"true\" class=\"wp-block-spacer\"><\/div>","protected":false},"excerpt":{"rendered":"<p>Thank you for the challenge!<\/p>","protected":false},"author":1,"featured_media":0,"parent":0,"menu_order":0,"comment_status":"closed","ping_status":"closed","template":"","meta":{"_acf_changed":false,"inline_featured_image":false,"footnotes":""},"class_list":["post-1460","page","type-page","status-publish","hentry"],"acf":[],"yoast_head":"<!-- This site is optimized with the Yoast SEO plugin v27.2 - https:\/\/yoast.com\/product\/yoast-seo-wordpress\/ -->\n<title>Industrijas izaicin\u0101jums iesniegts - BioPhoT<\/title>\n<meta name=\"robots\" content=\"index, follow, max-snippet:-1, max-image-preview:large, max-video-preview:-1\" \/>\n<link rel=\"canonical\" href=\"https:\/\/biophot.lv\/en\/industry-challenge-submitted\/\" \/>\n<meta property=\"og:locale\" content=\"en_US\" \/>\n<meta property=\"og:type\" content=\"article\" \/>\n<meta property=\"og:title\" content=\"Industrijas izaicin\u0101jums iesniegts - BioPhoT\" \/>\n<meta property=\"og:description\" content=\"Paldies par izaicin\u0101jumu!\" \/>\n<meta property=\"og:url\" content=\"https:\/\/biophot.lv\/en\/industry-challenge-submitted\/\" \/>\n<meta property=\"og:site_name\" content=\"BioPhoT\" \/>\n<meta property=\"article:modified_time\" content=\"2025-09-04T06:53:01+00:00\" \/>\n<meta property=\"og:image\" content=\"https:\/\/biophot.lv\/wp-content\/uploads\/2025\/04\/BioPhoT-Web-SocialShare.webp\" \/>\n\t<meta property=\"og:image:width\" content=\"1200\" \/>\n\t<meta property=\"og:image:height\" content=\"675\" \/>\n\t<meta property=\"og:image:type\" content=\"image\/webp\" \/>\n<meta name=\"twitter:card\" content=\"summary_large_image\" \/>\n<script type=\"application\/ld+json\" class=\"yoast-schema-graph\">{\"@context\":\"https:\/\/schema.org\",\"@graph\":[{\"@type\":\"WebPage\",\"@id\":\"https:\/\/biophot.lv\/industrijas-izaicinajums-iesniegts\/\",\"url\":\"https:\/\/biophot.lv\/industrijas-izaicinajums-iesniegts\/\",\"name\":\"Industrijas izaicin\u0101jums iesniegts - BioPhoT\",\"isPartOf\":{\"@id\":\"https:\/\/biophot.lv\/#website\"},\"datePublished\":\"2025-08-25T12:48:40+00:00\",\"dateModified\":\"2025-09-04T06:53:01+00:00\",\"breadcrumb\":{\"@id\":\"https:\/\/biophot.lv\/industrijas-izaicinajums-iesniegts\/#breadcrumb\"},\"inLanguage\":\"en-US\",\"potentialAction\":[{\"@type\":\"ReadAction\",\"target\":[\"https:\/\/biophot.lv\/industrijas-izaicinajums-iesniegts\/\"]}]},{\"@type\":\"BreadcrumbList\",\"@id\":\"https:\/\/biophot.lv\/industrijas-izaicinajums-iesniegts\/#breadcrumb\",\"itemListElement\":[{\"@type\":\"ListItem\",\"position\":1,\"name\":\"Home\",\"item\":\"https:\/\/biophot.lv\/\"},{\"@type\":\"ListItem\",\"position\":2,\"name\":\"Industrijas izaicin\u0101jums iesniegts\"}]},{\"@type\":\"WebSite\",\"@id\":\"https:\/\/biophot.lv\/#website\",\"url\":\"https:\/\/biophot.lv\/\",\"name\":\"BioPhoT\",\"description\":\"Ilgtermi\u0146a valsts p\u0113t\u012bjumu izp\u0113tes programmas projekts\",\"publisher\":{\"@id\":\"https:\/\/biophot.lv\/#organization\"},\"potentialAction\":[{\"@type\":\"SearchAction\",\"target\":{\"@type\":\"EntryPoint\",\"urlTemplate\":\"https:\/\/biophot.lv\/?s={search_term_string}\"},\"query-input\":{\"@type\":\"PropertyValueSpecification\",\"valueRequired\":true,\"valueName\":\"search_term_string\"}}],\"inLanguage\":\"en-US\"},{\"@type\":\"Organization\",\"@id\":\"https:\/\/biophot.lv\/#organization\",\"name\":\"BioPhoT\",\"url\":\"https:\/\/biophot.lv\/\",\"logo\":{\"@type\":\"ImageObject\",\"inLanguage\":\"en-US\",\"@id\":\"https:\/\/biophot.lv\/#\/schema\/logo\/image\/\",\"url\":\"https:\/\/biophot.lv\/wp-content\/uploads\/2025\/03\/BioPhot-logo.svg\",\"contentUrl\":\"https:\/\/biophot.lv\/wp-content\/uploads\/2025\/03\/BioPhot-logo.svg\",\"width\":250,\"height\":44,\"caption\":\"BioPhoT\"},\"image\":{\"@id\":\"https:\/\/biophot.lv\/#\/schema\/logo\/image\/\"}}]}<\/script>\n<!-- \/ Yoast SEO plugin. -->","yoast_head_json":{"title":"Industry challenge submitted - BioPhoT","robots":{"index":"index","follow":"follow","max-snippet":"max-snippet:-1","max-image-preview":"max-image-preview:large","max-video-preview":"max-video-preview:-1"},"canonical":"https:\/\/biophot.lv\/en\/industry-challenge-submitted\/","og_locale":"en_US","og_type":"article","og_title":"Industrijas izaicin\u0101jums iesniegts - BioPhoT","og_description":"Paldies par izaicin\u0101jumu!","og_url":"https:\/\/biophot.lv\/en\/industry-challenge-submitted\/","og_site_name":"BioPhoT","article_modified_time":"2025-09-04T06:53:01+00:00","og_image":[{"width":1200,"height":675,"url":"https:\/\/biophot.lv\/wp-content\/uploads\/2025\/04\/BioPhoT-Web-SocialShare.webp","type":"image\/webp"}],"twitter_card":"summary_large_image","schema":{"@context":"https:\/\/schema.org","@graph":[{"@type":"WebPage","@id":"https:\/\/biophot.lv\/industrijas-izaicinajums-iesniegts\/","url":"https:\/\/biophot.lv\/industrijas-izaicinajums-iesniegts\/","name":"Industry challenge submitted - BioPhoT","isPartOf":{"@id":"https:\/\/biophot.lv\/#website"},"datePublished":"2025-08-25T12:48:40+00:00","dateModified":"2025-09-04T06:53:01+00:00","breadcrumb":{"@id":"https:\/\/biophot.lv\/industrijas-izaicinajums-iesniegts\/#breadcrumb"},"inLanguage":"en-US","potentialAction":[{"@type":"ReadAction","target":["https:\/\/biophot.lv\/industrijas-izaicinajums-iesniegts\/"]}]},{"@type":"BreadcrumbList","@id":"https:\/\/biophot.lv\/industrijas-izaicinajums-iesniegts\/#breadcrumb","itemListElement":[{"@type":"ListItem","position":1,"name":"Home","item":"https:\/\/biophot.lv\/"},{"@type":"ListItem","position":2,"name":"Industrijas izaicin\u0101jums iesniegts"}]},{"@type":"WebSite","@id":"https:\/\/biophot.lv\/#website","url":"https:\/\/biophot.lv\/","name":"BioPhoT","description":"Long-term national research programme project","publisher":{"@id":"https:\/\/biophot.lv\/#organization"},"potentialAction":[{"@type":"SearchAction","target":{"@type":"EntryPoint","urlTemplate":"https:\/\/biophot.lv\/?s={search_term_string}"},"query-input":{"@type":"PropertyValueSpecification","valueRequired":true,"valueName":"search_term_string"}}],"inLanguage":"en-US"},{"@type":"Organization","@id":"https:\/\/biophot.lv\/#organization","name":"BioPhoT","url":"https:\/\/biophot.lv\/","logo":{"@type":"ImageObject","inLanguage":"en-US","@id":"https:\/\/biophot.lv\/#\/schema\/logo\/image\/","url":"https:\/\/biophot.lv\/wp-content\/uploads\/2025\/03\/BioPhot-logo.svg","contentUrl":"https:\/\/biophot.lv\/wp-content\/uploads\/2025\/03\/BioPhot-logo.svg","width":250,"height":44,"caption":"BioPhoT"},"image":{"@id":"https:\/\/biophot.lv\/#\/schema\/logo\/image\/"}}]}},"_links":{"self":[{"href":"https:\/\/biophot.lv\/en\/wp-json\/wp\/v2\/pages\/1460","targetHints":{"allow":["GET"]}}],"collection":[{"href":"https:\/\/biophot.lv\/en\/wp-json\/wp\/v2\/pages"}],"about":[{"href":"https:\/\/biophot.lv\/en\/wp-json\/wp\/v2\/types\/page"}],"author":[{"embeddable":true,"href":"https:\/\/biophot.lv\/en\/wp-json\/wp\/v2\/users\/1"}],"replies":[{"embeddable":true,"href":"https:\/\/biophot.lv\/en\/wp-json\/wp\/v2\/comments?post=1460"}],"version-history":[{"count":5,"href":"https:\/\/biophot.lv\/en\/wp-json\/wp\/v2\/pages\/1460\/revisions"}],"predecessor-version":[{"id":1577,"href":"https:\/\/biophot.lv\/en\/wp-json\/wp\/v2\/pages\/1460\/revisions\/1577"}],"wp:attachment":[{"href":"https:\/\/biophot.lv\/en\/wp-json\/wp\/v2\/media?parent=1460"}],"curies":[{"name":"wp","href":"https:\/\/api.w.org\/{rel}","templated":true}]}}