{"id":3,"date":"2025-03-20T09:47:12","date_gmt":"2025-03-20T09:47:12","guid":{"rendered":"https:\/\/biophot.lv\/?page_id=3"},"modified":"2025-04-02T14:43:46","modified_gmt":"2025-04-02T11:43:46","slug":"privacy-policy","status":"publish","type":"page","link":"https:\/\/biophot.lv\/en\/privatuma-politika\/","title":{"rendered":"Privacy Policy"},"content":{"rendered":"<h2 class=\"wp-block-post-title\">Privacy Policy<\/h2>\n\n\n<h2 class=\"wp-block-heading has-x-large-font-size\">1. General information<\/h2>\n\n\n\n<p>This website does not collect or process users' personal data.<\/p>\n\n\n\n<h2 class=\"wp-block-heading has-x-large-font-size\">2. Cookies<\/h2>\n\n\n\n<p>The website may use technical cookies to ensure its proper functioning. Cookies are not used for user tracking or personalised advertising.<\/p>\n\n\n\n<h2 class=\"wp-block-heading has-x-large-font-size\">3. Third party services<\/h2>\n\n\n\n<p>If the website uses third-party services (such as embedded content from social networks or analytics tools), these third parties may collect anonymous data in accordance with their own privacy policies.<\/p>\n\n\n\n<h2 class=\"wp-block-heading has-x-large-font-size\">4. Changes to the Privacy Policy<\/h2>\n\n\n\n<p>This Privacy Policy may be updated without prior notice.<\/p>\n\n\n\n<p>If you have any questions, please, <a href=\"mailto:biophot@biophot.lv\">contact us.<\/a><\/p>","protected":false},"excerpt":{"rendered":"<p>1. Visp\u0101r\u012bga inform\u0101cija \u0160\u012b m\u0101jaslapa neiev\u0101c un neapstr\u0101d\u0101 lietot\u0101ju personas datus. 2. S\u012bkdatnes M\u0101jaslapa var izmantot tehnisk\u0101s s\u012bkdatnes, lai nodro\u0161in\u0101tu t\u0101s pareizu darb\u012bbu. Netiek izmantotas s\u012bkdatnes lietot\u0101ju izseko\u0161anai vai personaliz\u0113tai rekl\u0101mai. 3. Tre\u0161o pu\u0161u pakalpojumi Ja m\u0101jaslap\u0101 tiek izmantoti tre\u0161o pu\u0161u pakalpojumi (piem\u0113ram, iegults saturs no soci\u0101lajiem t\u012bkliem vai anal\u012btikas r\u012bki), \u0161\u012bs tre\u0161\u0101s puses var [&hellip;]<\/p>\n","protected":false},"author":1,"featured_media":0,"parent":0,"menu_order":0,"comment_status":"closed","ping_status":"closed","template":"text-page.php","meta":{"_acf_changed":false,"inline_featured_image":false,"footnotes":""},"class_list":["post-3","page","type-page","status-publish","hentry"],"acf":[],"yoast_head":"<!-- This site is optimized with the Yoast SEO plugin v27.2 - https:\/\/yoast.com\/product\/yoast-seo-wordpress\/ -->\n<title>Priv\u0101tuma politika - BioPhoT<\/title>\n<meta name=\"robots\" content=\"index, follow, max-snippet:-1, max-image-preview:large, max-video-preview:-1\" \/>\n<link rel=\"canonical\" href=\"https:\/\/biophot.lv\/en\/privacy-policy\/\" \/>\n<meta property=\"og:locale\" content=\"en_US\" \/>\n<meta property=\"og:type\" content=\"article\" \/>\n<meta property=\"og:title\" content=\"Priv\u0101tuma politika - BioPhoT\" \/>\n<meta property=\"og:description\" content=\"1. Visp\u0101r\u012bga inform\u0101cija \u0160\u012b m\u0101jaslapa neiev\u0101c un neapstr\u0101d\u0101 lietot\u0101ju personas datus. 2. S\u012bkdatnes M\u0101jaslapa var izmantot tehnisk\u0101s s\u012bkdatnes, lai nodro\u0161in\u0101tu t\u0101s pareizu darb\u012bbu. Netiek izmantotas s\u012bkdatnes lietot\u0101ju izseko\u0161anai vai personaliz\u0113tai rekl\u0101mai. 3. Tre\u0161o pu\u0161u pakalpojumi Ja m\u0101jaslap\u0101 tiek izmantoti tre\u0161o pu\u0161u pakalpojumi (piem\u0113ram, iegults saturs no soci\u0101lajiem t\u012bkliem vai anal\u012btikas r\u012bki), \u0161\u012bs tre\u0161\u0101s puses var [&hellip;]\" \/>\n<meta property=\"og:url\" content=\"https:\/\/biophot.lv\/en\/privacy-policy\/\" \/>\n<meta property=\"og:site_name\" content=\"BioPhoT\" \/>\n<meta property=\"article:modified_time\" content=\"2025-04-02T11:43:46+00:00\" \/>\n<meta property=\"og:image\" content=\"https:\/\/biophot.lv\/wp-content\/uploads\/2025\/04\/BioPhoT-Web-SocialShare.webp\" \/>\n\t<meta property=\"og:image:width\" content=\"1200\" \/>\n\t<meta property=\"og:image:height\" content=\"675\" \/>\n\t<meta property=\"og:image:type\" content=\"image\/webp\" \/>\n<meta name=\"twitter:card\" content=\"summary_large_image\" \/>\n<meta name=\"twitter:label1\" content=\"Est. reading time\" \/>\n\t<meta name=\"twitter:data1\" content=\"1 minute\" \/>\n<script type=\"application\/ld+json\" class=\"yoast-schema-graph\">{\"@context\":\"https:\/\/schema.org\",\"@graph\":[{\"@type\":\"WebPage\",\"@id\":\"https:\/\/biophot.lv\/privatuma-politika\/\",\"url\":\"https:\/\/biophot.lv\/privatuma-politika\/\",\"name\":\"Priv\u0101tuma politika - BioPhoT\",\"isPartOf\":{\"@id\":\"https:\/\/biophot.lv\/#website\"},\"datePublished\":\"2025-03-20T09:47:12+00:00\",\"dateModified\":\"2025-04-02T11:43:46+00:00\",\"breadcrumb\":{\"@id\":\"https:\/\/biophot.lv\/privatuma-politika\/#breadcrumb\"},\"inLanguage\":\"en-US\",\"potentialAction\":[{\"@type\":\"ReadAction\",\"target\":[\"https:\/\/biophot.lv\/privatuma-politika\/\"]}]},{\"@type\":\"BreadcrumbList\",\"@id\":\"https:\/\/biophot.lv\/privatuma-politika\/#breadcrumb\",\"itemListElement\":[{\"@type\":\"ListItem\",\"position\":1,\"name\":\"Home\",\"item\":\"https:\/\/biophot.lv\/\"},{\"@type\":\"ListItem\",\"position\":2,\"name\":\"Priv\u0101tuma politika\"}]},{\"@type\":\"WebSite\",\"@id\":\"https:\/\/biophot.lv\/#website\",\"url\":\"https:\/\/biophot.lv\/\",\"name\":\"BioPhoT\",\"description\":\"Ilgtermi\u0146a valsts p\u0113t\u012bjumu izp\u0113tes programmas projekts\",\"publisher\":{\"@id\":\"https:\/\/biophot.lv\/#organization\"},\"potentialAction\":[{\"@type\":\"SearchAction\",\"target\":{\"@type\":\"EntryPoint\",\"urlTemplate\":\"https:\/\/biophot.lv\/?s={search_term_string}\"},\"query-input\":{\"@type\":\"PropertyValueSpecification\",\"valueRequired\":true,\"valueName\":\"search_term_string\"}}],\"inLanguage\":\"en-US\"},{\"@type\":\"Organization\",\"@id\":\"https:\/\/biophot.lv\/#organization\",\"name\":\"BioPhoT\",\"url\":\"https:\/\/biophot.lv\/\",\"logo\":{\"@type\":\"ImageObject\",\"inLanguage\":\"en-US\",\"@id\":\"https:\/\/biophot.lv\/#\/schema\/logo\/image\/\",\"url\":\"https:\/\/biophot.lv\/wp-content\/uploads\/2025\/03\/BioPhot-logo.svg\",\"contentUrl\":\"https:\/\/biophot.lv\/wp-content\/uploads\/2025\/03\/BioPhot-logo.svg\",\"width\":250,\"height\":44,\"caption\":\"BioPhoT\"},\"image\":{\"@id\":\"https:\/\/biophot.lv\/#\/schema\/logo\/image\/\"}}]}<\/script>\n<!-- \/ Yoast SEO plugin. -->","yoast_head_json":{"title":"Privacy Policy - BioPhoT","robots":{"index":"index","follow":"follow","max-snippet":"max-snippet:-1","max-image-preview":"max-image-preview:large","max-video-preview":"max-video-preview:-1"},"canonical":"https:\/\/biophot.lv\/en\/privacy-policy\/","og_locale":"en_US","og_type":"article","og_title":"Priv\u0101tuma politika - BioPhoT","og_description":"1. Visp\u0101r\u012bga inform\u0101cija \u0160\u012b m\u0101jaslapa neiev\u0101c un neapstr\u0101d\u0101 lietot\u0101ju personas datus. 2. S\u012bkdatnes M\u0101jaslapa var izmantot tehnisk\u0101s s\u012bkdatnes, lai nodro\u0161in\u0101tu t\u0101s pareizu darb\u012bbu. Netiek izmantotas s\u012bkdatnes lietot\u0101ju izseko\u0161anai vai personaliz\u0113tai rekl\u0101mai. 3. Tre\u0161o pu\u0161u pakalpojumi Ja m\u0101jaslap\u0101 tiek izmantoti tre\u0161o pu\u0161u pakalpojumi (piem\u0113ram, iegults saturs no soci\u0101lajiem t\u012bkliem vai anal\u012btikas r\u012bki), \u0161\u012bs tre\u0161\u0101s puses var [&hellip;]","og_url":"https:\/\/biophot.lv\/en\/privacy-policy\/","og_site_name":"BioPhoT","article_modified_time":"2025-04-02T11:43:46+00:00","og_image":[{"width":1200,"height":675,"url":"https:\/\/biophot.lv\/wp-content\/uploads\/2025\/04\/BioPhoT-Web-SocialShare.webp","type":"image\/webp"}],"twitter_card":"summary_large_image","twitter_misc":{"Est. reading time":"1 minute"},"schema":{"@context":"https:\/\/schema.org","@graph":[{"@type":"WebPage","@id":"https:\/\/biophot.lv\/privatuma-politika\/","url":"https:\/\/biophot.lv\/privatuma-politika\/","name":"Privacy Policy - BioPhoT","isPartOf":{"@id":"https:\/\/biophot.lv\/#website"},"datePublished":"2025-03-20T09:47:12+00:00","dateModified":"2025-04-02T11:43:46+00:00","breadcrumb":{"@id":"https:\/\/biophot.lv\/privatuma-politika\/#breadcrumb"},"inLanguage":"en-US","potentialAction":[{"@type":"ReadAction","target":["https:\/\/biophot.lv\/privatuma-politika\/"]}]},{"@type":"BreadcrumbList","@id":"https:\/\/biophot.lv\/privatuma-politika\/#breadcrumb","itemListElement":[{"@type":"ListItem","position":1,"name":"Home","item":"https:\/\/biophot.lv\/"},{"@type":"ListItem","position":2,"name":"Priv\u0101tuma politika"}]},{"@type":"WebSite","@id":"https:\/\/biophot.lv\/#website","url":"https:\/\/biophot.lv\/","name":"BioPhoT","description":"Long-term national research programme project","publisher":{"@id":"https:\/\/biophot.lv\/#organization"},"potentialAction":[{"@type":"SearchAction","target":{"@type":"EntryPoint","urlTemplate":"https:\/\/biophot.lv\/?s={search_term_string}"},"query-input":{"@type":"PropertyValueSpecification","valueRequired":true,"valueName":"search_term_string"}}],"inLanguage":"en-US"},{"@type":"Organization","@id":"https:\/\/biophot.lv\/#organization","name":"BioPhoT","url":"https:\/\/biophot.lv\/","logo":{"@type":"ImageObject","inLanguage":"en-US","@id":"https:\/\/biophot.lv\/#\/schema\/logo\/image\/","url":"https:\/\/biophot.lv\/wp-content\/uploads\/2025\/03\/BioPhot-logo.svg","contentUrl":"https:\/\/biophot.lv\/wp-content\/uploads\/2025\/03\/BioPhot-logo.svg","width":250,"height":44,"caption":"BioPhoT"},"image":{"@id":"https:\/\/biophot.lv\/#\/schema\/logo\/image\/"}}]}},"_links":{"self":[{"href":"https:\/\/biophot.lv\/en\/wp-json\/wp\/v2\/pages\/3","targetHints":{"allow":["GET"]}}],"collection":[{"href":"https:\/\/biophot.lv\/en\/wp-json\/wp\/v2\/pages"}],"about":[{"href":"https:\/\/biophot.lv\/en\/wp-json\/wp\/v2\/types\/page"}],"author":[{"embeddable":true,"href":"https:\/\/biophot.lv\/en\/wp-json\/wp\/v2\/users\/1"}],"replies":[{"embeddable":true,"href":"https:\/\/biophot.lv\/en\/wp-json\/wp\/v2\/comments?post=3"}],"version-history":[{"count":5,"href":"https:\/\/biophot.lv\/en\/wp-json\/wp\/v2\/pages\/3\/revisions"}],"predecessor-version":[{"id":771,"href":"https:\/\/biophot.lv\/en\/wp-json\/wp\/v2\/pages\/3\/revisions\/771"}],"wp:attachment":[{"href":"https:\/\/biophot.lv\/en\/wp-json\/wp\/v2\/media?parent=3"}],"curies":[{"name":"wp","href":"https:\/\/api.w.org\/{rel}","templated":true}]}}